{"id":918,"date":"2026-04-02T22:36:50","date_gmt":"2026-04-02T21:36:50","guid":{"rendered":"https:\/\/www.slhada.fr\/?page_id=918"},"modified":"2026-04-02T22:36:51","modified_gmt":"2026-04-02T21:36:51","slug":"lequipage","status":"publish","type":"page","link":"https:\/\/www.slhada.fr\/index.php\/lequipage\/","title":{"rendered":"L&#8217;EQUIPAGE"},"content":{"rendered":"\n<blockquote class=\"wp-block-quote is-layout-flow wp-block-quote-is-layout-flow\">\n<p>Une association type 1901 trouve son \u00e9nergie dans l\u2019engagement de ses membres tous b\u00e9n\u00e9voles et son efficacit\u00e9 dans le r\u00e9seau des comp\u00e9tences individuelles.<br>Son fonctionnement administratif est assur\u00e9 par un conseil d\u2019administration et son bureau.<\/p>\n<\/blockquote>\n\n\n\n<div class=\"wp-block-columns is-layout-flex wp-container-core-columns-is-layout-28f84493 wp-block-columns-is-layout-flex\">\n<div class=\"wp-block-column is-layout-flow wp-block-column-is-layout-flow\">\n<p>Pr\u00e9sident<\/p>\n\n\n\n<p><\/p>\n\n\n\n<h2 class=\"wp-block-heading\"><em>Jacques Baillet<\/em><\/h2>\n<\/div>\n\n\n\n<div class=\"wp-block-column is-layout-flow wp-block-column-is-layout-flow\">\n<blockquote class=\"wp-block-quote is-layout-flow wp-block-quote-is-layout-flow\">\n<p>Vice Pr\u00e9sident<\/p>\n<\/blockquote>\n\n\n\n<p><\/p>\n\n\n\n<h2 class=\"wp-block-heading\"><em>Pierre Lussignol<\/em><\/h2>\n<\/div>\n<\/div>\n\n\n\n<p><br><br>Tr\u00e9sorier&nbsp;: <strong><em>Guy Droz<\/em><\/strong><br>Secr\u00e9taire&nbsp;: <strong><em>Anne-Marie Le Gallo Piteau<\/em><\/strong><br>Des responsables d\u2019activit\u00e9s assurent l\u2019animation<br>A\u00e9romus\u00e9e&nbsp;:<em> <strong>Pierre Biard<\/strong><\/em><br>Biblioth\u00e8que&nbsp;: <strong><em>Christian Bellet<\/em><\/strong><br>Conf\u00e9rences&nbsp;et site&nbsp;: <strong><em>Yves Lauren\u00e7ot<\/em><\/strong><br>Tableau de Bord&nbsp;: <strong><em>Yves Boel<\/em><\/strong><\/p>\n","protected":false},"excerpt":{"rendered":"<p>Une association type 1901 trouve son \u00e9nergie dans l\u2019engagement de ses membres tous b\u00e9n\u00e9voles et&#8230;<\/p>\n","protected":false},"author":1,"featured_media":0,"parent":0,"menu_order":0,"comment_status":"closed","ping_status":"closed","template":"","meta":{"footnotes":""},"class_list":["post-918","page","type-page","status-publish","hentry"],"_links":{"self":[{"href":"https:\/\/www.slhada.fr\/index.php\/wp-json\/wp\/v2\/pages\/918","targetHints":{"allow":["GET"]}}],"collection":[{"href":"https:\/\/www.slhada.fr\/index.php\/wp-json\/wp\/v2\/pages"}],"about":[{"href":"https:\/\/www.slhada.fr\/index.php\/wp-json\/wp\/v2\/types\/page"}],"author":[{"embeddable":true,"href":"https:\/\/www.slhada.fr\/index.php\/wp-json\/wp\/v2\/users\/1"}],"replies":[{"embeddable":true,"href":"https:\/\/www.slhada.fr\/index.php\/wp-json\/wp\/v2\/comments?post=918"}],"version-history":[{"count":1,"href":"https:\/\/www.slhada.fr\/index.php\/wp-json\/wp\/v2\/pages\/918\/revisions"}],"predecessor-version":[{"id":920,"href":"https:\/\/www.slhada.fr\/index.php\/wp-json\/wp\/v2\/pages\/918\/revisions\/920"}],"wp:attachment":[{"href":"https:\/\/www.slhada.fr\/index.php\/wp-json\/wp\/v2\/media?parent=918"}],"curies":[{"name":"wp","href":"https:\/\/api.w.org\/{rel}","templated":true}]}}