{"id":915,"date":"2026-04-02T22:35:14","date_gmt":"2026-04-02T21:35:14","guid":{"rendered":"https:\/\/www.slhada.fr\/?page_id=915"},"modified":"2026-04-02T23:27:12","modified_gmt":"2026-04-02T22:27:12","slug":"adhesion-et-contact","status":"publish","type":"page","link":"https:\/\/www.slhada.fr\/index.php\/adhesion-et-contact\/","title":{"rendered":"ADHESION et CONTACT"},"content":{"rendered":"\n<p><br>http:\/\/slhada.fr<\/p>\n\n\n\n<blockquote class=\"wp-block-quote is-layout-flow wp-block-quote-is-layout-flow\">\n<p><strong><a href=\"mailto:contactslhadabron69500@gmail.com\">contactslhadabron69500@gmail.com<\/a><\/strong><\/p>\n<\/blockquote>\n\n\n\n<p>Maison des Soci\u00e9t\u00e9s<br>bo\u00eete postale 57<br>69500 BRON<\/p>\n\n\n\n<hr class=\"wp-block-separator has-alpha-channel-opacity\"\/>\n\n\n\n<hr class=\"wp-block-separator has-alpha-channel-opacity\"\/>\n\n\n<style id=\"wpforms-css-vars-929-block-31777eec-7a10-497a-86c0-ab9b2db37179\">\n\t\t\t\t#wpforms-929.wpforms-block-31777eec-7a10-497a-86c0-ab9b2db37179 {\n\t\t\t\t--wpforms-field-size-input-height: 31px;\n--wpforms-field-size-input-spacing: 10px;\n--wpforms-field-size-font-size: 14px;\n--wpforms-field-size-line-height: 17px;\n--wpforms-field-size-padding-h: 9px;\n--wpforms-field-size-checkbox-size: 14px;\n--wpforms-field-size-sublabel-spacing: 5px;\n--wpforms-field-size-icon-size: 0.75;\n--wpforms-label-size-font-size: 16px;\n--wpforms-label-size-line-height: 19px;\n--wpforms-label-size-sublabel-font-size: 14px;\n--wpforms-label-size-sublabel-line-height: 17px;\n--wpforms-button-size-font-size: 17px;\n--wpforms-button-size-height: 41px;\n--wpforms-button-size-padding-h: 15px;\n--wpforms-button-size-margin-top: 10px;\n\t\t\t}\n\t\t\t<\/style><div class=\"wpforms-container wpforms-container-full wpforms-block wpforms-block-31777eec-7a10-497a-86c0-ab9b2db37179 wpforms-render-modern\" id=\"wpforms-929\"><form id=\"wpforms-form-929\" class=\"wpforms-validate wpforms-form wpforms-ajax-form\" data-formid=\"929\" method=\"post\" enctype=\"multipart\/form-data\" action=\"\/index.php\/wp-json\/wp\/v2\/pages\/915\" data-token=\"43abcd68085c9ee8a659d756f2f6967b\" data-token-time=\"1775254596\"><div class=\"wpforms-head-container\"><div class=\"wpforms-title\">Bulletin \u00e9lectronique de pr\u00e9 adh\u00e9sion <\/div><div class=\"wpforms-description\">Afin de devenir membre de la SLHADA, vous pouvez utiliser ce pr\u00e9-questionnaire d&#8217;inscription.\r\n\r\nLa Cotisation de 35\u20ac sera \u00e0 payer ult\u00e9rieurement.\r\n\r\nUne photo d&#8217;identit\u00e9 sera \u00e9galement exig\u00e9e au moment de r\u00e9gler la cotisation.<\/div><\/div><noscript class=\"wpforms-error-noscript\">Veuillez activer JavaScript dans votre navigateur pour remplir ce formulaire.<\/noscript><div id=\"wpforms-error-noscript\" style=\"display: none;\">Veuillez activer JavaScript dans votre navigateur pour remplir ce formulaire.<\/div><div class=\"wpforms-field-container\"><div id=\"wpforms-929-field_1-container\" class=\"wpforms-field wpforms-field-name\" data-field-id=\"1\"><fieldset><legend class=\"wpforms-field-label\">Nom <span class=\"wpforms-required-label\" aria-hidden=\"true\">*<\/span><\/legend><div class=\"wpforms-field-row wpforms-field-medium\"><div class=\"wpforms-field-row-block wpforms-first wpforms-one-half\"><input type=\"text\" id=\"wpforms-929-field_1\" class=\"wpforms-field-name-first wpforms-field-required\" name=\"wpforms[fields][1][first]\" aria-errormessage=\"wpforms-929-field_1-error\" required><label for=\"wpforms-929-field_1\" class=\"wpforms-field-sublabel after\">Pr\u00e9nom<\/label><\/div><div class=\"wpforms-field-row-block wpforms-one-half\"><input type=\"text\" id=\"wpforms-929-field_1-last\" class=\"wpforms-field-name-last wpforms-field-required\" name=\"wpforms[fields][1][last]\" aria-errormessage=\"wpforms-929-field_1-last-error\" required><label for=\"wpforms-929-field_1-last\" class=\"wpforms-field-sublabel after\">Nom<\/label><\/div><\/div><\/fieldset><\/div><div id=\"wpforms-929-field_2-container\" class=\"wpforms-field wpforms-field-email\" data-field-id=\"2\"><label class=\"wpforms-field-label\" for=\"wpforms-929-field_2\">E-mail <span class=\"wpforms-required-label\" aria-hidden=\"true\">*<\/span><\/label><input type=\"email\" id=\"wpforms-929-field_2\" class=\"wpforms-field-medium wpforms-field-required\" name=\"wpforms[fields][2]\" spellcheck=\"false\" aria-errormessage=\"wpforms-929-field_2-error\" required><\/div>\t\t<div id=\"wpforms-929-field_4-container\"\n\t\t\tclass=\"wpforms-field wpforms-field-text\"\n\t\t\tdata-field-type=\"text\"\n\t\t\tdata-field-id=\"4\"\n\t\t\t>\n\t\t\t<label class=\"wpforms-field-label\" for=\"wpforms-929-field_4\" >Date t\u00e9l\u00e9phone Centre<\/label>\n\t\t\t<input type=\"text\" id=\"wpforms-929-field_4\" class=\"wpforms-field-medium\" name=\"wpforms[fields][4]\" >\n\t\t<\/div>\n\t\t<div id=\"wpforms-929-field_5-container\" class=\"wpforms-field wpforms-field-text\" data-field-id=\"5\"><label class=\"wpforms-field-label\" for=\"wpforms-929-field_5\">Adresse postale<\/label><input type=\"text\" id=\"wpforms-929-field_5\" class=\"wpforms-field-medium\" name=\"wpforms[fields][5]\" aria-errormessage=\"wpforms-929-field_5-error\" ><\/div><div id=\"wpforms-929-field_6-container\" class=\"wpforms-field wpforms-field-text\" data-field-id=\"6\"><label class=\"wpforms-field-label\" for=\"wpforms-929-field_6\">Num\u00e9ro de t\u00e9l\u00e9phone<\/label><input type=\"text\" id=\"wpforms-929-field_6\" class=\"wpforms-field-medium\" name=\"wpforms[fields][6]\" aria-errormessage=\"wpforms-929-field_6-error\" ><\/div><div id=\"wpforms-929-field_8-container\" class=\"wpforms-field wpforms-field-text\" data-field-id=\"8\"><label class=\"wpforms-field-label\" for=\"wpforms-929-field_8\">Centre d&#039;int\u00e9r\u00eat<\/label><input type=\"text\" id=\"wpforms-929-field_8\" class=\"wpforms-field-medium\" name=\"wpforms[fields][8]\" aria-errormessage=\"wpforms-929-field_8-error\" ><\/div><div id=\"wpforms-929-field_9-container\" class=\"wpforms-field wpforms-field-text\" data-field-id=\"9\"><label class=\"wpforms-field-label\" for=\"wpforms-929-field_9\">Date<\/label><input type=\"text\" id=\"wpforms-929-field_9\" class=\"wpforms-field-medium\" name=\"wpforms[fields][9]\" aria-errormessage=\"wpforms-929-field_9-error\" ><\/div><div id=\"wpforms-929-field_3-container\" class=\"wpforms-field wpforms-field-textarea\" data-field-id=\"3\"><label class=\"wpforms-field-label\" for=\"wpforms-929-field_3\">Commentaire ou message<\/label><textarea id=\"wpforms-929-field_3\" class=\"wpforms-field-medium\" name=\"wpforms[fields][3]\" aria-errormessage=\"wpforms-929-field_3-error\" ><\/textarea><\/div><script>\n\t\t\t\t( function() {\n\t\t\t\t\tconst style = document.createElement( 'style' );\n\t\t\t\t\tstyle.appendChild( document.createTextNode( '#wpforms-929-field_4-container { position: absolute !important; overflow: hidden !important; display: inline !important; height: 1px !important; width: 1px !important; z-index: -1000 !important; padding: 0 !important; } #wpforms-929-field_4-container input { visibility: hidden; } #wpforms-conversational-form-page #wpforms-929-field_4-container label { counter-increment: none; }' ) );\n\t\t\t\t\tdocument.head.appendChild( style );\n\t\t\t\t\tdocument.currentScript?.remove();\n\t\t\t\t} )();\n\t\t\t<\/script><\/div><!-- .wpforms-field-container --><div class=\"wpforms-submit-container\" ><input type=\"hidden\" name=\"wpforms[id]\" value=\"929\"><input type=\"hidden\" name=\"page_title\" value=\"\"><input type=\"hidden\" name=\"page_url\" value=\"https:\/\/www.slhada.fr\/index.php\/wp-json\/wp\/v2\/pages\/915\"><input type=\"hidden\" name=\"url_referer\" value=\"\"><button type=\"submit\" name=\"wpforms[submit]\" id=\"wpforms-submit-929\" class=\"wpforms-submit\" data-alt-text=\"Envoi...\" data-submit-text=\"Envoyer\" aria-live=\"assertive\" value=\"wpforms-submit\">Envoyer<\/button><img loading=\"lazy\" decoding=\"async\" src=\"https:\/\/www.slhada.fr\/wp-content\/plugins\/wpforms-lite\/assets\/images\/submit-spin.svg\" class=\"wpforms-submit-spinner\" style=\"display: none;\" width=\"26\" height=\"26\" alt=\"Chargement en cours\"><\/div><\/form><\/div>  <!-- .wpforms-container -->\n\n\n<hr class=\"wp-block-separator has-alpha-channel-opacity\"\/>\n\n\n\n<p><strong>Ou Inscription par courrier postal<\/strong><\/p>\n\n\n\n<p><\/p>\n\n\n\n<hr class=\"wp-block-separator has-alpha-channel-opacity\"\/>\n\n\n\n<div class=\"wp-block-group is-layout-grid wp-container-core-group-is-layout-b757edec wp-block-group-is-layout-grid\">\n<figure class=\"wp-block-image size-large\"><img loading=\"lazy\" decoding=\"async\" width=\"494\" height=\"1024\" src=\"https:\/\/www.slhada.fr\/wp-content\/uploads\/2026\/02\/bulletin-adhesion-1-1-494x1024.jpg\" alt=\"\" class=\"wp-image-695\" srcset=\"https:\/\/www.slhada.fr\/wp-content\/uploads\/2026\/02\/bulletin-adhesion-1-1-494x1024.jpg 494w, https:\/\/www.slhada.fr\/wp-content\/uploads\/2026\/02\/bulletin-adhesion-1-1-145x300.jpg 145w, https:\/\/www.slhada.fr\/wp-content\/uploads\/2026\/02\/bulletin-adhesion-1-1.jpg 598w\" sizes=\"auto, (max-width: 494px) 100vw, 494px\" \/><\/figure>\n<\/div>\n","protected":false},"excerpt":{"rendered":"<p>http:\/\/slhada.fr contactslhadabron69500@gmail.com Maison des Soci\u00e9t\u00e9sbo\u00eete postale 5769500 BRON Ou Inscription par courrier postal<\/p>\n","protected":false},"author":1,"featured_media":0,"parent":0,"menu_order":0,"comment_status":"closed","ping_status":"closed","template":"","meta":{"footnotes":""},"class_list":["post-915","page","type-page","status-publish","hentry"],"_links":{"self":[{"href":"https:\/\/www.slhada.fr\/index.php\/wp-json\/wp\/v2\/pages\/915","targetHints":{"allow":["GET"]}}],"collection":[{"href":"https:\/\/www.slhada.fr\/index.php\/wp-json\/wp\/v2\/pages"}],"about":[{"href":"https:\/\/www.slhada.fr\/index.php\/wp-json\/wp\/v2\/types\/page"}],"author":[{"embeddable":true,"href":"https:\/\/www.slhada.fr\/index.php\/wp-json\/wp\/v2\/users\/1"}],"replies":[{"embeddable":true,"href":"https:\/\/www.slhada.fr\/index.php\/wp-json\/wp\/v2\/comments?post=915"}],"version-history":[{"count":5,"href":"https:\/\/www.slhada.fr\/index.php\/wp-json\/wp\/v2\/pages\/915\/revisions"}],"predecessor-version":[{"id":939,"href":"https:\/\/www.slhada.fr\/index.php\/wp-json\/wp\/v2\/pages\/915\/revisions\/939"}],"wp:attachment":[{"href":"https:\/\/www.slhada.fr\/index.php\/wp-json\/wp\/v2\/media?parent=915"}],"curies":[{"name":"wp","href":"https:\/\/api.w.org\/{rel}","templated":true}]}}