{"id":910,"date":"2026-04-02T22:26:51","date_gmt":"2026-04-02T21:26:51","guid":{"rendered":"https:\/\/www.slhada.fr\/?page_id=910"},"modified":"2026-04-02T22:26:51","modified_gmt":"2026-04-02T21:26:51","slug":"historique-et-objectifs","status":"publish","type":"page","link":"https:\/\/www.slhada.fr\/index.php\/historique-et-objectifs\/","title":{"rendered":"HISTORIQUE et OBJECTIFS"},"content":{"rendered":"\n<blockquote class=\"wp-block-quote is-layout-flow wp-block-quote-is-layout-flow\">\n<p>L\u2019 acte de naissance de la&nbsp; <strong>Soci\u00e9t\u00e9 Lyonnaise Histoire de l\u2019Aviation et de Documentation A\u00e9ronautique <\/strong>est \u00e9tabli au<strong>21 mars 1986&nbsp;<\/strong> avec un si\u00e8ge social toujours inchang\u00e9, la Maison des Soci\u00e9t\u00e9s de Bron. Ses cr\u00e9ateurs voulaient faire valoir la <strong>richesse humaine et patrimoniale locale.<\/strong> Un mus\u00e9e fut cr\u00e9\u00e9 dans l\u2019a\u00e9rogare de 1959 mais il fallut se r\u00e9soudre \u00e0 le quitter sous la pression commerciale. Les pi\u00e8ces en caisse, la SLHADA continua d\u2019exister par des conf\u00e9rences mensuelles, des publications, la participation \u00e0 des comm\u00e9morations ; Elle r\u00e9ussit m\u00eame \u00e0 r\u00e9unir pr\u00e8s de 200 adh\u00e9rents dont de nombreux v\u00e9t\u00e9rans de la seconde guerre mondiale et des conflits dits&nbsp;\u00bb coloniaux&nbsp;\u00bb<\/p>\n<\/blockquote>\n\n\n\n<p>Depuis 2009 , la SLHADA, \u00e0 l\u2019initiative de la mairie de Bron est h\u00e9berg\u00e9 dans le fort . 4 salles vo\u00fbt\u00e9es permettent d\u2019exposer les pi\u00e8ces et de g\u00e9rer la documentation. Cela a permis jusqu\u2019\u00e0 ce jour d\u2019absorber les dons tant mat\u00e9riels que documentaires. Par son implantation sur un site de plus en plus utilis\u00e9, la SLHADA est parfaitement int\u00e9gr\u00e9e dans la vie brondillante et lyonnaise.<\/p>\n\n\n\n<figure class=\"wp-block-image size-large\"><img loading=\"lazy\" decoding=\"async\" width=\"1024\" height=\"533\" src=\"http:\/\/www.slhada.fr\/wp-content\/uploads\/2026\/02\/image-5-1024x533.png\" alt=\"\" class=\"wp-image-520\" srcset=\"https:\/\/www.slhada.fr\/wp-content\/uploads\/2026\/02\/image-5-1024x533.png 1024w, https:\/\/www.slhada.fr\/wp-content\/uploads\/2026\/02\/image-5-300x156.png 300w, https:\/\/www.slhada.fr\/wp-content\/uploads\/2026\/02\/image-5-768x400.png 768w, https:\/\/www.slhada.fr\/wp-content\/uploads\/2026\/02\/image-5.png 1358w\" sizes=\"auto, (max-width: 1024px) 100vw, 1024px\" \/><\/figure>\n","protected":false},"excerpt":{"rendered":"<p>L\u2019 acte de naissance de la&nbsp; Soci\u00e9t\u00e9 Lyonnaise Histoire de l\u2019Aviation et de Documentation A\u00e9ronautique&#8230;<\/p>\n","protected":false},"author":1,"featured_media":0,"parent":0,"menu_order":0,"comment_status":"closed","ping_status":"closed","template":"","meta":{"footnotes":""},"class_list":["post-910","page","type-page","status-publish","hentry"],"_links":{"self":[{"href":"https:\/\/www.slhada.fr\/index.php\/wp-json\/wp\/v2\/pages\/910","targetHints":{"allow":["GET"]}}],"collection":[{"href":"https:\/\/www.slhada.fr\/index.php\/wp-json\/wp\/v2\/pages"}],"about":[{"href":"https:\/\/www.slhada.fr\/index.php\/wp-json\/wp\/v2\/types\/page"}],"author":[{"embeddable":true,"href":"https:\/\/www.slhada.fr\/index.php\/wp-json\/wp\/v2\/users\/1"}],"replies":[{"embeddable":true,"href":"https:\/\/www.slhada.fr\/index.php\/wp-json\/wp\/v2\/comments?post=910"}],"version-history":[{"count":1,"href":"https:\/\/www.slhada.fr\/index.php\/wp-json\/wp\/v2\/pages\/910\/revisions"}],"predecessor-version":[{"id":912,"href":"https:\/\/www.slhada.fr\/index.php\/wp-json\/wp\/v2\/pages\/910\/revisions\/912"}],"wp:attachment":[{"href":"https:\/\/www.slhada.fr\/index.php\/wp-json\/wp\/v2\/media?parent=910"}],"curies":[{"name":"wp","href":"https:\/\/api.w.org\/{rel}","templated":true}]}}