{"id":906,"date":"2026-04-02T22:21:46","date_gmt":"2026-04-02T21:21:46","guid":{"rendered":"https:\/\/www.slhada.fr\/?page_id=906"},"modified":"2026-04-02T22:28:49","modified_gmt":"2026-04-02T21:28:49","slug":"presentation-et-fonctionnement","status":"publish","type":"page","link":"https:\/\/www.slhada.fr\/index.php\/presentation-et-fonctionnement\/","title":{"rendered":"PRESENTATION et fonctionnement"},"content":{"rendered":"\n<blockquote class=\"wp-block-quote is-layout-flow wp-block-quote-is-layout-flow\">\n<p><strong>Ouverture: le mardi de 14 H 30 \u00e0 17 H 30 et apr\u00e8s les conf\u00e9rences<\/strong><\/p>\n\n\n\n<p>Au fur et \u00e0 mesure des dons et des achats , la biblioth\u00e8que&nbsp; s\u2019est consid\u00e9rablement enrichie.<\/p>\n\n\n\n<p><strong>Livres<\/strong>&nbsp;: plus de 4000<\/p>\n\n\n\n<p><strong>Revues<\/strong>&nbsp;: 7 sur abonnement depuis le premier num\u00e9ro<\/p>\n\n\n\n<p>Des publications diverses:<\/p>\n<\/blockquote>\n\n\n\n<p>Le&nbsp;<strong>\u201d Tableau de Bord\u201d<\/strong>&nbsp;est un p\u00e9riodique aux articles r\u00e9alis\u00e9s \u00e0 partir des archives de la SLHADA<\/p>\n\n\n\n<p>.( 49 \u00e0 ce jour)<\/p>\n\n\n\n<p>Ils sont regroup\u00e9s sous les rubriques: histoire, technique, philat\u00e9lie, insolite \u2026<\/p>\n\n\n\n<p>Un<strong>\u201d Cahier\u201d<\/strong>&nbsp;est une monographie.<\/p>\n\n\n\n<p><\/p>\n","protected":false},"excerpt":{"rendered":"<p>Ouverture: le mardi de 14 H 30 \u00e0 17 H 30 et apr\u00e8s les conf\u00e9rences&#8230;<\/p>\n","protected":false},"author":2,"featured_media":0,"parent":0,"menu_order":0,"comment_status":"closed","ping_status":"closed","template":"","meta":{"footnotes":""},"class_list":["post-906","page","type-page","status-publish","hentry"],"_links":{"self":[{"href":"https:\/\/www.slhada.fr\/index.php\/wp-json\/wp\/v2\/pages\/906","targetHints":{"allow":["GET"]}}],"collection":[{"href":"https:\/\/www.slhada.fr\/index.php\/wp-json\/wp\/v2\/pages"}],"about":[{"href":"https:\/\/www.slhada.fr\/index.php\/wp-json\/wp\/v2\/types\/page"}],"author":[{"embeddable":true,"href":"https:\/\/www.slhada.fr\/index.php\/wp-json\/wp\/v2\/users\/2"}],"replies":[{"embeddable":true,"href":"https:\/\/www.slhada.fr\/index.php\/wp-json\/wp\/v2\/comments?post=906"}],"version-history":[{"count":1,"href":"https:\/\/www.slhada.fr\/index.php\/wp-json\/wp\/v2\/pages\/906\/revisions"}],"predecessor-version":[{"id":908,"href":"https:\/\/www.slhada.fr\/index.php\/wp-json\/wp\/v2\/pages\/906\/revisions\/908"}],"wp:attachment":[{"href":"https:\/\/www.slhada.fr\/index.php\/wp-json\/wp\/v2\/media?parent=906"}],"curies":[{"name":"wp","href":"https:\/\/api.w.org\/{rel}","templated":true}]}}